{"id":3,"date":"2022-06-10T01:33:40","date_gmt":"2022-06-10T01:33:40","guid":{"rendered":"https:\/\/sistemadecalidadpersonal.org\/scp\/?page_id=3"},"modified":"2024-04-05T17:55:22","modified_gmt":"2024-04-05T17:55:22","slug":"politicadeprivacidad","status":"publish","type":"page","link":"https:\/\/sistemadecalidadpersonal.org\/scp\/politicadeprivacidad\/","title":{"rendered":"Politica de Privacidad"},"content":{"rendered":"<h2 data-sourcepos=\"1:1-1:59\">Pol\u00edtica de privacidad<\/h2>\n<p data-sourcepos=\"3:1-3:19\"><strong>1. Introducci\u00f3n<\/strong><\/p>\n<p data-sourcepos=\"5:1-5:196\">Esta pol\u00edtica de privacidad describe c\u00f3mo se recopila, utiliza y comparte la informaci\u00f3n personal cuando utilizas nuestro sitio web sistemadecalidadpersonal.org (en adelante, el \u00abSitio Web\u00bb).<\/p>\n<p data-sourcepos=\"7:1-7:34\"><strong>2. Informaci\u00f3n que recopilamos<\/strong><\/p>\n<p data-sourcepos=\"9:1-9:41\"><strong>2.1 Informaci\u00f3n que usted proporciona<\/strong><\/p>\n<p data-sourcepos=\"11:1-11:201\">Recopilamos la informaci\u00f3n que nos proporcionas directamente, como tu nombre, direcci\u00f3n de correo electr\u00f3nico, n\u00famero de tel\u00e9fono y cualquier otra informaci\u00f3n que nos env\u00edas a trav\u00e9s del Sitio Web o el bolet\u00edn.<\/p>\n<p data-sourcepos=\"13:1-13:46\"><strong>2.2 Informaci\u00f3n recopilada autom\u00e1ticamente<\/strong><\/p>\n<p data-sourcepos=\"15:1-15:166\">Cuando utilizas el Sitio Web, tambi\u00e9n recopilamos autom\u00e1ticamente cierta informaci\u00f3n sobre tu dispositivo y tu actividad de navegaci\u00f3n. Esta informaci\u00f3n puede incluir:<\/p>\n<ul data-sourcepos=\"17:1-22:0\">\n<li data-sourcepos=\"17:1-17:17\">Direcci\u00f3n IP<\/li>\n<li data-sourcepos=\"18:1-18:54\">El tipo de navegador y sistema operativo<\/li>\n<li data-sourcepos=\"19:1-19:49\">Las p\u00e1ginas web que visitas en nuestro Sitio Web<\/li>\n<li data-sourcepos=\"20:1-20:30\">La fecha y hora de tu visita<\/li>\n<li data-sourcepos=\"21:1-22:0\">Los enlaces en los que haces clic<\/li>\n<\/ul>\n<p data-sourcepos=\"23:1-23:37\"><strong>3. C\u00f3mo utilizamos tu informaci\u00f3n<\/strong><\/p>\n<p data-sourcepos=\"25:1-25:59\">Utilizamos la informaci\u00f3n que recopilamos para:<\/p>\n<ul data-sourcepos=\"27:1-32:0\">\n<li data-sourcepos=\"27:1-27:43\">Proporcionarte los servicios que solicitas<\/li>\n<li data-sourcepos=\"28:1-28:41\">Responder a tus preguntas y solicitudes<\/li>\n<li data-sourcepos=\"29:1-29:48\">Mejorar nuestro Sitio Web y nuestros servicios<\/li>\n<li data-sourcepos=\"30:1-30:59\">Enviarte informaci\u00f3n sobre nuestros productos y servicios<\/li>\n<li data-sourcepos=\"31:1-32:0\">Proteger nuestros derechos e intereses<\/li>\n<\/ul>\n<p data-sourcepos=\"33:1-33:38\"><strong>4. C\u00f3mo compartimos tu informaci\u00f3n<\/strong><\/p>\n<p data-sourcepos=\"35:1-35:107\">No compartimos tu informaci\u00f3n personal con terceros sin tu consentimiento, excepto en los siguientes casos:<\/p>\n<ul data-sourcepos=\"37:1-41:0\">\n<li data-sourcepos=\"37:1-37:69\">Cuando sea necesario para proporcionarte los servicios que solicitas<\/li>\n<li data-sourcepos=\"38:1-38:60\">Cuando sea necesario para cumplir con una obligaci\u00f3n legal<\/li>\n<li data-sourcepos=\"39:1-39:66\">Cuando sea necesario para proteger nuestros derechos e intereses<\/li>\n<li data-sourcepos=\"40:1-41:0\">Cuando sea necesario para prevenir o investigar un delito<\/li>\n<\/ul>\n<p data-sourcepos=\"42:1-42:19\"><strong>5. Sus opciones<\/strong><\/p>\n<p data-sourcepos=\"44:1-44:178\">Tenes derecho a acceder a su informaci\u00f3n personal, a corregirla y a eliminarla. Tambi\u00e9n tienes derecho a oponerte al tratamiento de tu informaci\u00f3n personal y a restringirlo.<\/p>\n<p data-sourcepos=\"46:1-46:155\">Para ejercer cualquiera de estos derechos, puedes ponerte en contacto con nosotros a trav\u00e9s de la informaci\u00f3n de contacto que se proporciona a continuaci\u00f3n.<\/p>\n<p data-sourcepos=\"48:1-48:14\"><strong>6. Cookies<\/strong><\/p>\n<p data-sourcepos=\"50:1-50:281\">Utilizamos cookies en nuestro Sitio Web para recopilar informaci\u00f3n sobretsu actividad de navegaci\u00f3n. Las cookies son peque\u00f1os archivos de texto que se almacenan en su dispositivo. Puedes encontrar m\u00e1s informaci\u00f3n sobre las cookies y c\u00f3mo gestionarlas en nuestra Pol\u00edtica de cookies.<\/p>\n<p data-sourcepos=\"52:1-52:16\"><strong>7. Seguridad<\/strong><\/p>\n<p data-sourcepos=\"54:1-54:161\">Tomamos medidas razonables para proteger tu informaci\u00f3n personal contra el acceso no autorizado, el uso indebido, la divulgaci\u00f3n, la alteraci\u00f3n o la destrucci\u00f3n.<\/p>\n<p data-sourcepos=\"56:1-56:31\"><strong>8. Cambios en esta pol\u00edtica<\/strong><\/p>\n<p data-sourcepos=\"58:1-58:162\">Podemos actualizar esta pol\u00edtica de privacidad de vez en cuando. Te notificaremos cualquier cambio importante en la forma en que tratamos tu informaci\u00f3n personal.<\/p>\n<p data-sourcepos=\"60:1-60:15\"><strong>9. Contacto<\/strong><\/p>\n<p data-sourcepos=\"62:1-62:155\"><span class=\"citation-0\">Si tienes alguna pregunta sobre <\/span><span class=\"citation-0 citation-1 citation-end-0\">esta pol\u00edtica de privacidad, puedes ponerte en contacto con nosotros a trav\u00e9s de la siguiente informaci\u00f3n:<\/span><\/p>\n<ul data-sourcepos=\"64:1-65:0\">\n<li data-sourcepos=\"64:1-65:0\"><span class=\"citation-1 citation-end-1\">Correo electr\u00f3nico:<\/span> antonio@sistemadecalidadpersonal.org<\/li>\n<\/ul>\n<p data-sourcepos=\"66:1-66:25\"><strong>10. Fecha de vigencia<\/strong><\/p>\n<p data-sourcepos=\"68:1-68:81\">Esta pol\u00edtica de privacidad fue actualizada por \u00faltima vez el 5 de abril de 2024.<\/p>\n","protected":false},"excerpt":{"rendered":"<p>Pol\u00edtica de privacidad 1. Introducci\u00f3n Esta pol\u00edtica de privacidad describe c\u00f3mo se recopila, utiliza y comparte la informaci\u00f3n personal cuando utilizas nuestro sitio web sistemadecalidadpersonal.org (en adelante, el \u00abSitio Web\u00bb). 2. Informaci\u00f3n que recopilamos 2.1 Informaci\u00f3n que usted proporciona Recopilamos la informaci\u00f3n que nos proporcionas directamente, como tu nombre, direcci\u00f3n de correo electr\u00f3nico, n\u00famero de [&hellip;]<\/p>\n","protected":false},"author":1,"featured_media":0,"parent":0,"menu_order":0,"comment_status":"closed","ping_status":"open","template":"","meta":{"pmpro_default_level":"","footnotes":""},"class_list":["post-3","page","type-page","status-publish","hentry","pmpro-has-access"],"_links":{"self":[{"href":"https:\/\/sistemadecalidadpersonal.org\/scp\/wp-json\/wp\/v2\/pages\/3","targetHints":{"allow":["GET"]}}],"collection":[{"href":"https:\/\/sistemadecalidadpersonal.org\/scp\/wp-json\/wp\/v2\/pages"}],"about":[{"href":"https:\/\/sistemadecalidadpersonal.org\/scp\/wp-json\/wp\/v2\/types\/page"}],"author":[{"embeddable":true,"href":"https:\/\/sistemadecalidadpersonal.org\/scp\/wp-json\/wp\/v2\/users\/1"}],"replies":[{"embeddable":true,"href":"https:\/\/sistemadecalidadpersonal.org\/scp\/wp-json\/wp\/v2\/comments?post=3"}],"version-history":[{"count":3,"href":"https:\/\/sistemadecalidadpersonal.org\/scp\/wp-json\/wp\/v2\/pages\/3\/revisions"}],"predecessor-version":[{"id":1168,"href":"https:\/\/sistemadecalidadpersonal.org\/scp\/wp-json\/wp\/v2\/pages\/3\/revisions\/1168"}],"wp:attachment":[{"href":"https:\/\/sistemadecalidadpersonal.org\/scp\/wp-json\/wp\/v2\/media?parent=3"}],"curies":[{"name":"wp","href":"https:\/\/api.w.org\/{rel}","templated":true}]}}